{"id":7638,"date":"2021-07-13T11:38:53","date_gmt":"2021-07-13T09:38:53","guid":{"rendered":"https:\/\/maison.oceano.org\/search-2\/"},"modified":"2021-07-13T11:38:53","modified_gmt":"2021-07-13T09:38:53","slug":"search-2","status":"publish","type":"page","link":"https:\/\/maison.oceano.org\/en\/search-2\/","title":{"rendered":"Search"},"content":{"rendered":"\t\t<div data-elementor-type=\"wp-post\" data-elementor-id=\"7638\" class=\"elementor elementor-7638 elementor-3005\" data-elementor-post-type=\"page\">\n\t\t\t\t\t\t<section class=\"elementor-section elementor-top-section elementor-element elementor-element-281039ae elementor-section-boxed elementor-section-height-default elementor-section-height-default\" data-id=\"281039ae\" data-element_type=\"section\" data-e-type=\"section\">\n\t\t\t\t\t\t<div class=\"elementor-container elementor-column-gap-default\">\n\t\t\t\t\t<div class=\"elementor-column elementor-col-100 elementor-top-column elementor-element elementor-element-1a41da5f\" data-id=\"1a41da5f\" data-element_type=\"column\" data-e-type=\"column\">\n\t\t\t<div class=\"elementor-widget-wrap elementor-element-populated\">\n\t\t\t\t\t\t<div class=\"elementor-element elementor-element-5d67b8d9 elementor-widget elementor-widget-spacer\" data-id=\"5d67b8d9\" data-element_type=\"widget\" data-e-type=\"widget\" data-widget_type=\"spacer.default\">\n\t\t\t\t<div class=\"elementor-widget-container\">\n\t\t\t\t\t\t\t<div class=\"elementor-spacer\">\n\t\t\t<div class=\"elementor-spacer-inner\"><\/div>\n\t\t<\/div>\n\t\t\t\t\t\t<\/div>\n\t\t\t\t<\/div>\n\t\t\t\t\t<\/div>\n\t\t<\/div>\n\t\t\t\t\t<\/div>\n\t\t<\/section>\n\t\t\t\t<section class=\"elementor-section elementor-top-section elementor-element elementor-element-6592a958 elementor-section-boxed elementor-section-height-default elementor-section-height-default\" data-id=\"6592a958\" data-element_type=\"section\" data-e-type=\"section\">\n\t\t\t\t\t\t<div class=\"elementor-container elementor-column-gap-default\">\n\t\t\t\t\t<div class=\"elementor-column elementor-col-100 elementor-top-column elementor-element elementor-element-748b50d3\" data-id=\"748b50d3\" data-element_type=\"column\" data-e-type=\"column\">\n\t\t\t<div class=\"elementor-widget-wrap\">\n\t\t\t\t\t\t\t<\/div>\n\t\t<\/div>\n\t\t\t\t\t<\/div>\n\t\t<\/section>\n\t\t\t\t<section class=\"elementor-section elementor-top-section elementor-element elementor-element-150d0afb elementor-section-full_width elementor-section-height-default elementor-section-height-default\" data-id=\"150d0afb\" data-element_type=\"section\" data-e-type=\"section\">\n\t\t\t\t\t\t<div class=\"elementor-container elementor-column-gap-no\">\n\t\t\t\t\t<div class=\"elementor-column elementor-col-100 elementor-top-column elementor-element elementor-element-5adc868e\" data-id=\"5adc868e\" data-element_type=\"column\" data-e-type=\"column\">\n\t\t\t<div class=\"elementor-widget-wrap elementor-element-populated\">\n\t\t\t\t\t\t<div class=\"elementor-element elementor-element-61669774 elementor-widget elementor-widget-shortcode\" data-id=\"61669774\" data-element_type=\"widget\" data-e-type=\"widget\" data-widget_type=\"shortcode.default\">\n\t\t\t\t<div class=\"elementor-widget-container\">\n\t\t\t\t\t\t\t<div class=\"elementor-shortcode\">[solr_search_shortcode]<\/div>\n\t\t\t\t\t\t<\/div>\n\t\t\t\t<\/div>\n\t\t\t\t\t<\/div>\n\t\t<\/div>\n\t\t\t\t\t<\/div>\n\t\t<\/section>\n\t\t\t\t<\/div>\n\t\t","protected":false},"excerpt":{"rendered":"<p>[solr_search_shortcode]<\/p>\n","protected":false},"author":1,"featured_media":0,"parent":0,"menu_order":0,"comment_status":"closed","ping_status":"closed","template":"","meta":{"_acf_changed":false,"footnotes":""},"class_list":["post-7638","page","type-page","status-publish","hentry"],"acf":[],"yoast_head":"<!-- This site is optimized with the Yoast SEO plugin v27.2 - https:\/\/yoast.com\/product\/yoast-seo-wordpress\/ -->\n<title>Search - Maison de l&#039;Oc\u00e9an<\/title>\n<meta name=\"robots\" content=\"index, follow, max-snippet:-1, max-image-preview:large, max-video-preview:-1\" \/>\n<link rel=\"canonical\" href=\"https:\/\/maison.oceano.org\/en\/search-2\/\" \/>\n<meta property=\"og:locale\" content=\"en_US\" \/>\n<meta property=\"og:type\" content=\"article\" \/>\n<meta property=\"og:title\" content=\"Search - Maison de l&#039;Oc\u00e9an\" \/>\n<meta property=\"og:description\" content=\"[solr_search_shortcode]\" \/>\n<meta property=\"og:url\" content=\"https:\/\/maison.oceano.org\/en\/search-2\/\" \/>\n<meta property=\"og:site_name\" content=\"Maison de l&#039;Oc\u00e9an\" \/>\n<meta name=\"twitter:card\" content=\"summary_large_image\" \/>\n<script type=\"application\/ld+json\" class=\"yoast-schema-graph\">{\"@context\":\"https:\/\/schema.org\",\"@graph\":[{\"@type\":\"WebPage\",\"@id\":\"https:\/\/maison.oceano.org\/en\/search-2\/\",\"url\":\"https:\/\/maison.oceano.org\/en\/search-2\/\",\"name\":\"Search - Maison de l&#039;Oc\u00e9an\",\"isPartOf\":{\"@id\":\"https:\/\/maison.oceano.org\/#website\"},\"datePublished\":\"2021-07-13T09:38:53+00:00\",\"breadcrumb\":{\"@id\":\"https:\/\/maison.oceano.org\/en\/search-2\/#breadcrumb\"},\"inLanguage\":\"en-US\",\"potentialAction\":[{\"@type\":\"ReadAction\",\"target\":[\"https:\/\/maison.oceano.org\/en\/search-2\/\"]}]},{\"@type\":\"BreadcrumbList\",\"@id\":\"https:\/\/maison.oceano.org\/en\/search-2\/#breadcrumb\",\"itemListElement\":[{\"@type\":\"ListItem\",\"position\":1,\"name\":\"Home\",\"item\":\"https:\/\/maison.oceano.org\/en\/\"},{\"@type\":\"ListItem\",\"position\":2,\"name\":\"Search\"}]},{\"@type\":\"WebSite\",\"@id\":\"https:\/\/maison.oceano.org\/#website\",\"url\":\"https:\/\/maison.oceano.org\/\",\"name\":\"Maison de l&#039;Oc\u00e9an\",\"description\":\"Le Hub de l&#039;oc\u00e9an \u00e0 Paris\",\"potentialAction\":[{\"@type\":\"SearchAction\",\"target\":{\"@type\":\"EntryPoint\",\"urlTemplate\":\"https:\/\/maison.oceano.org\/?s={search_term_string}\"},\"query-input\":{\"@type\":\"PropertyValueSpecification\",\"valueRequired\":true,\"valueName\":\"search_term_string\"}}],\"inLanguage\":\"en-US\"}]}<\/script>\n<!-- \/ Yoast SEO plugin. -->","yoast_head_json":{"title":"Search - Maison de l&#039;Oc\u00e9an","robots":{"index":"index","follow":"follow","max-snippet":"max-snippet:-1","max-image-preview":"max-image-preview:large","max-video-preview":"max-video-preview:-1"},"canonical":"https:\/\/maison.oceano.org\/en\/search-2\/","og_locale":"en_US","og_type":"article","og_title":"Search - Maison de l&#039;Oc\u00e9an","og_description":"[solr_search_shortcode]","og_url":"https:\/\/maison.oceano.org\/en\/search-2\/","og_site_name":"Maison de l&#039;Oc\u00e9an","twitter_card":"summary_large_image","schema":{"@context":"https:\/\/schema.org","@graph":[{"@type":"WebPage","@id":"https:\/\/maison.oceano.org\/en\/search-2\/","url":"https:\/\/maison.oceano.org\/en\/search-2\/","name":"Search - Maison de l&#039;Oc\u00e9an","isPartOf":{"@id":"https:\/\/maison.oceano.org\/#website"},"datePublished":"2021-07-13T09:38:53+00:00","breadcrumb":{"@id":"https:\/\/maison.oceano.org\/en\/search-2\/#breadcrumb"},"inLanguage":"en-US","potentialAction":[{"@type":"ReadAction","target":["https:\/\/maison.oceano.org\/en\/search-2\/"]}]},{"@type":"BreadcrumbList","@id":"https:\/\/maison.oceano.org\/en\/search-2\/#breadcrumb","itemListElement":[{"@type":"ListItem","position":1,"name":"Home","item":"https:\/\/maison.oceano.org\/en\/"},{"@type":"ListItem","position":2,"name":"Search"}]},{"@type":"WebSite","@id":"https:\/\/maison.oceano.org\/#website","url":"https:\/\/maison.oceano.org\/","name":"Maison de l&#039;Oc\u00e9an","description":"Le Hub de l&#039;oc\u00e9an \u00e0 Paris","potentialAction":[{"@type":"SearchAction","target":{"@type":"EntryPoint","urlTemplate":"https:\/\/maison.oceano.org\/?s={search_term_string}"},"query-input":{"@type":"PropertyValueSpecification","valueRequired":true,"valueName":"search_term_string"}}],"inLanguage":"en-US"}]}},"_links":{"self":[{"href":"https:\/\/maison.oceano.org\/en\/wp-json\/wp\/v2\/pages\/7638","targetHints":{"allow":["GET"]}}],"collection":[{"href":"https:\/\/maison.oceano.org\/en\/wp-json\/wp\/v2\/pages"}],"about":[{"href":"https:\/\/maison.oceano.org\/en\/wp-json\/wp\/v2\/types\/page"}],"author":[{"embeddable":true,"href":"https:\/\/maison.oceano.org\/en\/wp-json\/wp\/v2\/users\/1"}],"replies":[{"embeddable":true,"href":"https:\/\/maison.oceano.org\/en\/wp-json\/wp\/v2\/comments?post=7638"}],"version-history":[{"count":1,"href":"https:\/\/maison.oceano.org\/en\/wp-json\/wp\/v2\/pages\/7638\/revisions"}],"predecessor-version":[{"id":7641,"href":"https:\/\/maison.oceano.org\/en\/wp-json\/wp\/v2\/pages\/7638\/revisions\/7641"}],"wp:attachment":[{"href":"https:\/\/maison.oceano.org\/en\/wp-json\/wp\/v2\/media?parent=7638"}],"curies":[{"name":"wp","href":"https:\/\/api.w.org\/{rel}","templated":true}]}}