{"id":36479,"date":"2019-04-01T16:12:21","date_gmt":"2019-04-01T14:12:21","guid":{"rendered":"https:\/\/maison.oceano.org\/?page_id=36479"},"modified":"2024-02-28T10:35:17","modified_gmt":"2024-02-28T09:35:17","slug":"accueil","status":"publish","type":"page","link":"https:\/\/maison.oceano.org\/en\/","title":{"rendered":"Home"},"content":{"rendered":"\r\n<p>Maison des oc\u00e9ans<\/p>\r\n","protected":false},"excerpt":{"rendered":"<p>Maison des oc\u00e9ans<\/p>\n","protected":false},"author":1,"featured_media":0,"parent":0,"menu_order":0,"comment_status":"closed","ping_status":"closed","template":"content-home.php","meta":{"_acf_changed":false,"footnotes":""},"class_list":["post-36479","page","type-page","status-publish","hentry"],"acf":[],"yoast_head":"<!-- This site is optimized with the Yoast SEO plugin v27.2 - https:\/\/yoast.com\/product\/yoast-seo-wordpress\/ -->\n<title>La Maison de l\u2019Oc\u00e9an<\/title>\n<meta name=\"description\" content=\"D\u00e9couvrez ce lieu au cachet unique au coeur de Paris qui rassemble des acteurs de la protection de l&#039;oc\u00e9an et des \u00e9v\u00e9nements exclusifs.\" \/>\n<meta name=\"robots\" content=\"index, follow, max-snippet:-1, max-image-preview:large, max-video-preview:-1\" \/>\n<link rel=\"canonical\" href=\"https:\/\/maison.oceano.org\/en\/\" \/>\n<meta property=\"og:locale\" content=\"en_US\" \/>\n<meta property=\"og:type\" content=\"article\" \/>\n<meta property=\"og:title\" content=\"La Maison de l\u2019Oc\u00e9an\" \/>\n<meta property=\"og:description\" content=\"D\u00e9couvrez ce lieu au cachet unique au coeur de Paris qui rassemble des acteurs de la protection de l&#039;oc\u00e9an et des \u00e9v\u00e9nements exclusifs.\" \/>\n<meta property=\"og:url\" content=\"https:\/\/maison.oceano.org\/en\/\" \/>\n<meta property=\"og:site_name\" content=\"Maison de l&#039;Oc\u00e9an\" \/>\n<meta property=\"article:modified_time\" content=\"2024-02-28T09:35:17+00:00\" \/>\n<meta name=\"twitter:card\" content=\"summary_large_image\" \/>\n<meta name=\"twitter:label1\" content=\"Est. reading time\" \/>\n\t<meta name=\"twitter:data1\" content=\"1 minute\" \/>\n<script type=\"application\/ld+json\" class=\"yoast-schema-graph\">{\"@context\":\"https:\/\/schema.org\",\"@graph\":[{\"@type\":\"WebPage\",\"@id\":\"https:\/\/maison.oceano.org\/en\/\",\"url\":\"https:\/\/maison.oceano.org\/en\/\",\"name\":\"La Maison de l\u2019Oc\u00e9an\",\"isPartOf\":{\"@id\":\"https:\/\/maison.oceano.org\/#website\"},\"datePublished\":\"2019-04-01T14:12:21+00:00\",\"dateModified\":\"2024-02-28T09:35:17+00:00\",\"description\":\"D\u00e9couvrez ce lieu au cachet unique au coeur de Paris qui rassemble des acteurs de la protection de l'oc\u00e9an et des \u00e9v\u00e9nements exclusifs.\",\"breadcrumb\":{\"@id\":\"https:\/\/maison.oceano.org\/en\/#breadcrumb\"},\"inLanguage\":\"en-US\",\"potentialAction\":[{\"@type\":\"ReadAction\",\"target\":[\"https:\/\/maison.oceano.org\/en\/\"]}]},{\"@type\":\"BreadcrumbList\",\"@id\":\"https:\/\/maison.oceano.org\/en\/#breadcrumb\",\"itemListElement\":[{\"@type\":\"ListItem\",\"position\":1,\"name\":\"Home\",\"item\":\"https:\/\/maison.oceano.org\/en\/\"},{\"@type\":\"ListItem\",\"position\":2,\"name\":\"Home\"}]},{\"@type\":\"WebSite\",\"@id\":\"https:\/\/maison.oceano.org\/#website\",\"url\":\"https:\/\/maison.oceano.org\/\",\"name\":\"Maison de l&#039;Oc\u00e9an\",\"description\":\"Le Hub de l&#039;oc\u00e9an \u00e0 Paris\",\"potentialAction\":[{\"@type\":\"SearchAction\",\"target\":{\"@type\":\"EntryPoint\",\"urlTemplate\":\"https:\/\/maison.oceano.org\/?s={search_term_string}\"},\"query-input\":{\"@type\":\"PropertyValueSpecification\",\"valueRequired\":true,\"valueName\":\"search_term_string\"}}],\"inLanguage\":\"en-US\"}]}<\/script>\n<!-- \/ Yoast SEO plugin. -->","yoast_head_json":{"title":"La Maison de l\u2019Oc\u00e9an","description":"D\u00e9couvrez ce lieu au cachet unique au coeur de Paris qui rassemble des acteurs de la protection de l'oc\u00e9an et des \u00e9v\u00e9nements exclusifs.","robots":{"index":"index","follow":"follow","max-snippet":"max-snippet:-1","max-image-preview":"max-image-preview:large","max-video-preview":"max-video-preview:-1"},"canonical":"https:\/\/maison.oceano.org\/en\/","og_locale":"en_US","og_type":"article","og_title":"La Maison de l\u2019Oc\u00e9an","og_description":"D\u00e9couvrez ce lieu au cachet unique au coeur de Paris qui rassemble des acteurs de la protection de l'oc\u00e9an et des \u00e9v\u00e9nements exclusifs.","og_url":"https:\/\/maison.oceano.org\/en\/","og_site_name":"Maison de l&#039;Oc\u00e9an","article_modified_time":"2024-02-28T09:35:17+00:00","twitter_card":"summary_large_image","twitter_misc":{"Est. reading time":"1 minute"},"schema":{"@context":"https:\/\/schema.org","@graph":[{"@type":"WebPage","@id":"https:\/\/maison.oceano.org\/en\/","url":"https:\/\/maison.oceano.org\/en\/","name":"La Maison de l\u2019Oc\u00e9an","isPartOf":{"@id":"https:\/\/maison.oceano.org\/#website"},"datePublished":"2019-04-01T14:12:21+00:00","dateModified":"2024-02-28T09:35:17+00:00","description":"D\u00e9couvrez ce lieu au cachet unique au coeur de Paris qui rassemble des acteurs de la protection de l'oc\u00e9an et des \u00e9v\u00e9nements exclusifs.","breadcrumb":{"@id":"https:\/\/maison.oceano.org\/en\/#breadcrumb"},"inLanguage":"en-US","potentialAction":[{"@type":"ReadAction","target":["https:\/\/maison.oceano.org\/en\/"]}]},{"@type":"BreadcrumbList","@id":"https:\/\/maison.oceano.org\/en\/#breadcrumb","itemListElement":[{"@type":"ListItem","position":1,"name":"Home","item":"https:\/\/maison.oceano.org\/en\/"},{"@type":"ListItem","position":2,"name":"Home"}]},{"@type":"WebSite","@id":"https:\/\/maison.oceano.org\/#website","url":"https:\/\/maison.oceano.org\/","name":"Maison de l&#039;Oc\u00e9an","description":"Le Hub de l&#039;oc\u00e9an \u00e0 Paris","potentialAction":[{"@type":"SearchAction","target":{"@type":"EntryPoint","urlTemplate":"https:\/\/maison.oceano.org\/?s={search_term_string}"},"query-input":{"@type":"PropertyValueSpecification","valueRequired":true,"valueName":"search_term_string"}}],"inLanguage":"en-US"}]}},"_links":{"self":[{"href":"https:\/\/maison.oceano.org\/en\/wp-json\/wp\/v2\/pages\/36479","targetHints":{"allow":["GET"]}}],"collection":[{"href":"https:\/\/maison.oceano.org\/en\/wp-json\/wp\/v2\/pages"}],"about":[{"href":"https:\/\/maison.oceano.org\/en\/wp-json\/wp\/v2\/types\/page"}],"author":[{"embeddable":true,"href":"https:\/\/maison.oceano.org\/en\/wp-json\/wp\/v2\/users\/1"}],"replies":[{"embeddable":true,"href":"https:\/\/maison.oceano.org\/en\/wp-json\/wp\/v2\/comments?post=36479"}],"version-history":[{"count":7,"href":"https:\/\/maison.oceano.org\/en\/wp-json\/wp\/v2\/pages\/36479\/revisions"}],"predecessor-version":[{"id":37390,"href":"https:\/\/maison.oceano.org\/en\/wp-json\/wp\/v2\/pages\/36479\/revisions\/37390"}],"wp:attachment":[{"href":"https:\/\/maison.oceano.org\/en\/wp-json\/wp\/v2\/media?parent=36479"}],"curies":[{"name":"wp","href":"https:\/\/api.w.org\/{rel}","templated":true}]}}