{"id":29109,"date":"2021-07-15T11:15:15","date_gmt":"2021-07-15T09:15:15","guid":{"rendered":"https:\/\/maison.oceano.org\/general-terms-and-conditions-of-use\/"},"modified":"2021-07-15T11:15:32","modified_gmt":"2021-07-15T09:15:32","slug":"general-terms-and-conditions-of-use","status":"publish","type":"page","link":"https:\/\/maison.oceano.org\/en\/general-terms-and-conditions-of-use\/","title":{"rendered":"General terms and conditions of use"},"content":{"rendered":"\t\t<div data-elementor-type=\"wp-post\" data-elementor-id=\"29109\" class=\"elementor elementor-29109 elementor-1749\" data-elementor-post-type=\"page\">\n\t\t\t\t\t\t<section class=\"elementor-section elementor-top-section elementor-element elementor-element-117832aa elementor-section-full_width elementor-section-height-default elementor-section-height-default\" data-id=\"117832aa\" data-element_type=\"section\" data-e-type=\"section\">\n\t\t\t\t\t\t<div class=\"elementor-container elementor-column-gap-no\">\n\t\t\t\t\t<div class=\"elementor-column elementor-col-100 elementor-top-column elementor-element elementor-element-e90c5e9\" data-id=\"e90c5e9\" data-element_type=\"column\" data-e-type=\"column\">\n\t\t\t<div class=\"elementor-widget-wrap elementor-element-populated\">\n\t\t\t\t\t\t<div class=\"elementor-element elementor-element-1a5eacf9 elementor--h-position-center elementor--v-position-middle elementor-widget elementor-widget-slides\" data-id=\"1a5eacf9\" data-element_type=\"widget\" data-e-type=\"widget\" data-settings=\"{&quot;navigation&quot;:&quot;none&quot;,&quot;transition&quot;:&quot;slide&quot;,&quot;transition_speed&quot;:500}\" data-widget_type=\"slides.default\">\n\t\t\t\t<div class=\"elementor-widget-container\">\n\t\t\t\t\t\t\t\t\t<div class=\"elementor-swiper\">\n\t\t\t\t\t<div class=\"elementor-slides-wrapper elementor-main-swiper swiper\" role=\"region\" aria-roledescription=\"carousel\" aria-label=\"Slides\" dir=\"ltr\" data-animation=\"fadeInUp\">\n\t\t\t\t<div class=\"swiper-wrapper elementor-slides\">\n\t\t\t\t\t\t\t\t\t\t<div class=\"elementor-repeater-item-891be05 swiper-slide\" role=\"group\" aria-roledescription=\"slide\"><div class=\"swiper-slide-bg\" role=\"img\" aria-label=\"\"><\/div><div class=\"swiper-slide-inner\" ><div class=\"swiper-slide-contents\"><h1 class=\"elementor-slide-heading\">General terms and conditions of use<\/h1><\/div><\/div><\/div>\t\t\t\t<\/div>\n\t\t\t\t\t\t\t<\/div>\n\t\t\t\t<\/div>\n\t\t\t\t\t\t\t\t<\/div>\n\t\t\t\t<\/div>\n\t\t\t\t\t<\/div>\n\t\t<\/div>\n\t\t\t\t\t<\/div>\n\t\t<\/section>\n\t\t\t\t<section class=\"elementor-section elementor-top-section elementor-element elementor-element-47bbdfe3 elementor-section-full_width elementor-section-height-default elementor-section-height-default\" data-id=\"47bbdfe3\" data-element_type=\"section\" data-e-type=\"section\">\n\t\t\t\t\t\t<div class=\"elementor-container elementor-column-gap-default\">\n\t\t\t\t\t<div class=\"elementor-column elementor-col-100 elementor-top-column elementor-element elementor-element-ebf7cf0\" data-id=\"ebf7cf0\" data-element_type=\"column\" data-e-type=\"column\">\n\t\t\t<div class=\"elementor-widget-wrap elementor-element-populated\">\n\t\t\t\t\t\t<div class=\"elementor-element elementor-element-1839d7dd elementor-widget elementor-widget-ee-breadcrumbs\" data-id=\"1839d7dd\" data-element_type=\"widget\" data-e-type=\"widget\" data-widget_type=\"ee-breadcrumbs.default\">\n\t\t\t\t<div class=\"elementor-widget-container\">\n\t\t\t\t\t<ul class=\"ee-breadcrumbs\" itemscope=\"\" itemtype=\"http:\/\/schema.org\/BreadcrumbList\"><\/ul>\t\t\t\t<\/div>\n\t\t\t\t<\/div>\n\t\t\t\t\t<\/div>\n\t\t<\/div>\n\t\t\t\t\t<\/div>\n\t\t<\/section>\n\t\t\t\t<section class=\"elementor-section elementor-top-section elementor-element elementor-element-1cd1134a elementor-section-full_width elementor-section-height-default elementor-section-height-default\" data-id=\"1cd1134a\" data-element_type=\"section\" data-e-type=\"section\">\n\t\t\t\t\t\t<div class=\"elementor-container elementor-column-gap-default\">\n\t\t\t\t\t<div class=\"elementor-column elementor-col-100 elementor-top-column elementor-element elementor-element-275ee04f\" data-id=\"275ee04f\" data-element_type=\"column\" data-e-type=\"column\">\n\t\t\t<div class=\"elementor-widget-wrap elementor-element-populated\">\n\t\t\t\t\t\t<div class=\"elementor-element elementor-element-42d4e778 elementor-widget elementor-widget-heading\" data-id=\"42d4e778\" data-element_type=\"widget\" data-e-type=\"widget\" data-widget_type=\"heading.default\">\n\t\t\t\t<div class=\"elementor-widget-container\">\n\t\t\t\t\t<h2 class=\"elementor-heading-title elementor-size-default\">Liability<\/h2>\t\t\t\t<\/div>\n\t\t\t\t<\/div>\n\t\t\t\t\t<\/div>\n\t\t<\/div>\n\t\t\t\t\t<\/div>\n\t\t<\/section>\n\t\t\t\t<section class=\"elementor-section elementor-top-section elementor-element elementor-element-15fd502d elementor-section-boxed elementor-section-height-default elementor-section-height-default\" data-id=\"15fd502d\" data-element_type=\"section\" data-e-type=\"section\">\n\t\t\t\t\t\t<div class=\"elementor-container elementor-column-gap-default\">\n\t\t\t\t\t<div class=\"elementor-column elementor-col-100 elementor-top-column elementor-element elementor-element-4895c3f3\" data-id=\"4895c3f3\" data-element_type=\"column\" data-e-type=\"column\">\n\t\t\t<div class=\"elementor-widget-wrap elementor-element-populated\">\n\t\t\t\t\t\t<div class=\"elementor-element elementor-element-37663506 elementor-widget elementor-widget-text-editor\" data-id=\"37663506\" data-element_type=\"widget\" data-e-type=\"widget\" data-widget_type=\"text-editor.default\">\n\t\t\t\t<div class=\"elementor-widget-container\">\n\t\t\t\t\t\t\t\t\t<p><strong>M<\/strong>espite the care that the &#8220;Institut Oc\u00e9anographique &#8211; Fondation Albert I, Prince de Monaco&#8221; has taken in the development and updating of its website with regard to the accuracy, precision and completeness of the information provided on it, the &#8220;Institut Oc\u00e9anographique &#8211; Fondation Albert I, Prince de Monaco&#8221; cannot be held responsible for any inaccurate information. The &#8220;Institut Oc\u00e9anographique &#8211; Fondation Albert I, Prince of Monaco&#8221; declines all responsibility for any error, inaccuracy or omission affecting this information.<\/p>\n<p>The information and data contained on the Site are provided for information purposes only. The &#8220;Institut Oc\u00e9anographique &#8211; Fondation Albert I, Prince of Monaco&#8221; declines all responsibility for these contents and their use.  <br \/><strong>The &#8220;Institut Oc\u00e9anographique &#8211; Fondation Albert I, Prince of Monaco&#8221;<\/strong> reserves the right to modify, temporarily or permanently interrupt all or part of the Website without notice. The changes will be applicable as soon as they are posted on this website.<\/p>\n<p>All content is provided on an &#8220;as is&#8221; and &#8220;as available&#8221; basis. The &#8220;Institut Oc\u00e9anographique &#8211; Fondation Albert I, Prince of Monaco&#8221; provides no guarantee of any kind, express or implied, including but not limited to any guarantee that all products and services are available, are of merchantable quality, are appropriate for a particular use, can be used without infringing the rights of a third party, nor any guarantee relating to the operation of this site itself or its content.<\/p>\n<p>The &#8220;Institut Oc\u00e9anographique &#8211; Fondation Albert Ier, Prince of Monaco&#8221; may not be held liable to you or to any third party for any modification, interruption, suspension or deletion of the Website.  <br \/><strong>The &#8220;Institut Oc\u00e9anographique &#8211; Fondation Albert Ier, Prince de Monaco&#8221;<\/strong> does not guarantee the security of this site unless the &#8220;Institut Oc\u00e9anographique &#8211; Fondation Albert Ier, Prince de Monaco&#8221; has specified that a particular function be encrypted. Apart from this specific case, the user is warned that any information he sends is likely to be intercepted by a third party. The &#8220;Institut Oc\u00e9anographique &#8211; Fondation Albert Ier, Prince de Monaco&#8221; does not guarantee that this site or the servers providing access to this site or that electronic communications sent by the &#8220;Institut Oc\u00e9anographique &#8211; Fondation Albert Ier, Prince de Monaco&#8221; are free of viruses or other destructive elements.<\/p>\n<p><strong>S<\/strong>Subject to the applicable legal and regulatory provisions, the &#8220;Institut Oc\u00e9anographique &#8211; Fondation Albert Ier, Prince de Monaco&#8221; may not be held responsible for any direct or indirect damage, in particular but not exclusively, loss of profits, customers, data, or intangible assets that may occur as a result of the use or impossibility of use of the Website, and more generally, any event linked to the Website and\/or any third party site. In particular, the &#8220;Institut Oc\u00e9anographique &#8211; Fondation Albert I, Prince of Monaco&#8221; shall not be held liable in the event of total or partial piracy of the Site and for any damage that this piracy may cause to a user or to a third party.<\/p>\n<p>Use<strong>of<\/strong> the Site is at the user&#8217;s sole risk. Under no circumstances shall the &#8220;Institut Oc\u00e9anographique &#8211; Fondation Albert Ier, Prince de Monaco&#8221; and\/or its subsidiaries be liable for any indirect or incidental damage or moral prejudice resulting from, caused by or linked to the use or impossibility of using this site or its content, even if the &#8220;Institut Oc\u00e9anographique &#8211; Fondation Albert Ier, Prince de Monaco&#8221; has been informed of the possibility of such damage. Any action by a user in relation to this site must be brought within one year of the date on which the cause of the damage arose.  <br \/>This site may give access to other websites which are not under the control of the &#8220;Institut Oc\u00e9anographique &#8211; Fondation Albert Ier, Prince de Monaco&#8221;. The &#8220;Institut Oc\u00e9anographique &#8211; Fondation Albert I, Prince of Monaco&#8221; shall not be held responsible in any way for the content of other websites. The &#8220;Institut Oc\u00e9anographique &#8211; Fondation Albert I, Prince de Monaco&#8221; proposes such links solely for the convenience of the user of this site and the inclusion of a link to any other website does not imply that the &#8220;Institut Oc\u00e9anographique &#8211; Fondation Albert I, Prince de Monaco&#8221; endorses the content of these sites.<\/p>\n\t\t\t\t\t\t\t\t<\/div>\n\t\t\t\t<\/div>\n\t\t\t\t\t<\/div>\n\t\t<\/div>\n\t\t\t\t\t<\/div>\n\t\t<\/section>\n\t\t\t\t<\/div>\n\t\t","protected":false},"excerpt":{"rendered":"<p>General terms and conditions of use Liability Mespite the care that the &#8220;Institut Oc\u00e9anographique &#8211; Fondation Albert I, Prince de Monaco&#8221; has taken in the development and updating of its website with regard to the accuracy, precision and completeness of the information provided on it, the &#8220;Institut Oc\u00e9anographique &#8211; Fondation Albert I, Prince de Monaco&#8221; [&hellip;]<\/p>\n","protected":false},"author":1,"featured_media":0,"parent":0,"menu_order":0,"comment_status":"closed","ping_status":"closed","template":"","meta":{"_acf_changed":false,"footnotes":""},"class_list":["post-29109","page","type-page","status-publish","hentry"],"acf":[],"yoast_head":"<!-- This site is optimized with the Yoast SEO plugin v27.2 - https:\/\/yoast.com\/product\/yoast-seo-wordpress\/ -->\n<title>General terms and conditions of use - Maison de l&#039;Oc\u00e9an<\/title>\n<meta name=\"robots\" content=\"index, follow, max-snippet:-1, max-image-preview:large, max-video-preview:-1\" \/>\n<link rel=\"canonical\" href=\"https:\/\/maison.oceano.org\/en\/general-terms-and-conditions-of-use\/\" \/>\n<meta property=\"og:locale\" content=\"en_US\" \/>\n<meta property=\"og:type\" content=\"article\" \/>\n<meta property=\"og:title\" content=\"General terms and conditions of use - Maison de l&#039;Oc\u00e9an\" \/>\n<meta property=\"og:description\" content=\"General terms and conditions of use Liability Mespite the care that the &#8220;Institut Oc\u00e9anographique &#8211; Fondation Albert I, Prince de Monaco&#8221; has taken in the development and updating of its website with regard to the accuracy, precision and completeness of the information provided on it, the &#8220;Institut Oc\u00e9anographique &#8211; Fondation Albert I, Prince de Monaco&#8221; [&hellip;]\" \/>\n<meta property=\"og:url\" content=\"https:\/\/maison.oceano.org\/en\/general-terms-and-conditions-of-use\/\" \/>\n<meta property=\"og:site_name\" content=\"Maison de l&#039;Oc\u00e9an\" \/>\n<meta property=\"article:modified_time\" content=\"2021-07-15T09:15:32+00:00\" \/>\n<meta name=\"twitter:card\" content=\"summary_large_image\" \/>\n<meta name=\"twitter:label1\" content=\"Est. reading time\" \/>\n\t<meta name=\"twitter:data1\" content=\"4 minutes\" \/>\n<script type=\"application\/ld+json\" class=\"yoast-schema-graph\">{\"@context\":\"https:\/\/schema.org\",\"@graph\":[{\"@type\":\"WebPage\",\"@id\":\"https:\/\/maison.oceano.org\/en\/general-terms-and-conditions-of-use\/\",\"url\":\"https:\/\/maison.oceano.org\/en\/general-terms-and-conditions-of-use\/\",\"name\":\"General terms and conditions of use - Maison de l&#039;Oc\u00e9an\",\"isPartOf\":{\"@id\":\"https:\/\/maison.oceano.org\/#website\"},\"datePublished\":\"2021-07-15T09:15:15+00:00\",\"dateModified\":\"2021-07-15T09:15:32+00:00\",\"breadcrumb\":{\"@id\":\"https:\/\/maison.oceano.org\/en\/general-terms-and-conditions-of-use\/#breadcrumb\"},\"inLanguage\":\"en-US\",\"potentialAction\":[{\"@type\":\"ReadAction\",\"target\":[\"https:\/\/maison.oceano.org\/en\/general-terms-and-conditions-of-use\/\"]}]},{\"@type\":\"BreadcrumbList\",\"@id\":\"https:\/\/maison.oceano.org\/en\/general-terms-and-conditions-of-use\/#breadcrumb\",\"itemListElement\":[{\"@type\":\"ListItem\",\"position\":1,\"name\":\"Home\",\"item\":\"https:\/\/maison.oceano.org\/en\/\"},{\"@type\":\"ListItem\",\"position\":2,\"name\":\"General terms and conditions of use\"}]},{\"@type\":\"WebSite\",\"@id\":\"https:\/\/maison.oceano.org\/#website\",\"url\":\"https:\/\/maison.oceano.org\/\",\"name\":\"Maison de l&#039;Oc\u00e9an\",\"description\":\"Le Hub de l&#039;oc\u00e9an \u00e0 Paris\",\"potentialAction\":[{\"@type\":\"SearchAction\",\"target\":{\"@type\":\"EntryPoint\",\"urlTemplate\":\"https:\/\/maison.oceano.org\/?s={search_term_string}\"},\"query-input\":{\"@type\":\"PropertyValueSpecification\",\"valueRequired\":true,\"valueName\":\"search_term_string\"}}],\"inLanguage\":\"en-US\"}]}<\/script>\n<!-- \/ Yoast SEO plugin. -->","yoast_head_json":{"title":"General terms and conditions of use - Maison de l&#039;Oc\u00e9an","robots":{"index":"index","follow":"follow","max-snippet":"max-snippet:-1","max-image-preview":"max-image-preview:large","max-video-preview":"max-video-preview:-1"},"canonical":"https:\/\/maison.oceano.org\/en\/general-terms-and-conditions-of-use\/","og_locale":"en_US","og_type":"article","og_title":"General terms and conditions of use - Maison de l&#039;Oc\u00e9an","og_description":"General terms and conditions of use Liability Mespite the care that the &#8220;Institut Oc\u00e9anographique &#8211; Fondation Albert I, Prince de Monaco&#8221; has taken in the development and updating of its website with regard to the accuracy, precision and completeness of the information provided on it, the &#8220;Institut Oc\u00e9anographique &#8211; Fondation Albert I, Prince de Monaco&#8221; [&hellip;]","og_url":"https:\/\/maison.oceano.org\/en\/general-terms-and-conditions-of-use\/","og_site_name":"Maison de l&#039;Oc\u00e9an","article_modified_time":"2021-07-15T09:15:32+00:00","twitter_card":"summary_large_image","twitter_misc":{"Est. reading time":"4 minutes"},"schema":{"@context":"https:\/\/schema.org","@graph":[{"@type":"WebPage","@id":"https:\/\/maison.oceano.org\/en\/general-terms-and-conditions-of-use\/","url":"https:\/\/maison.oceano.org\/en\/general-terms-and-conditions-of-use\/","name":"General terms and conditions of use - Maison de l&#039;Oc\u00e9an","isPartOf":{"@id":"https:\/\/maison.oceano.org\/#website"},"datePublished":"2021-07-15T09:15:15+00:00","dateModified":"2021-07-15T09:15:32+00:00","breadcrumb":{"@id":"https:\/\/maison.oceano.org\/en\/general-terms-and-conditions-of-use\/#breadcrumb"},"inLanguage":"en-US","potentialAction":[{"@type":"ReadAction","target":["https:\/\/maison.oceano.org\/en\/general-terms-and-conditions-of-use\/"]}]},{"@type":"BreadcrumbList","@id":"https:\/\/maison.oceano.org\/en\/general-terms-and-conditions-of-use\/#breadcrumb","itemListElement":[{"@type":"ListItem","position":1,"name":"Home","item":"https:\/\/maison.oceano.org\/en\/"},{"@type":"ListItem","position":2,"name":"General terms and conditions of use"}]},{"@type":"WebSite","@id":"https:\/\/maison.oceano.org\/#website","url":"https:\/\/maison.oceano.org\/","name":"Maison de l&#039;Oc\u00e9an","description":"Le Hub de l&#039;oc\u00e9an \u00e0 Paris","potentialAction":[{"@type":"SearchAction","target":{"@type":"EntryPoint","urlTemplate":"https:\/\/maison.oceano.org\/?s={search_term_string}"},"query-input":{"@type":"PropertyValueSpecification","valueRequired":true,"valueName":"search_term_string"}}],"inLanguage":"en-US"}]}},"_links":{"self":[{"href":"https:\/\/maison.oceano.org\/en\/wp-json\/wp\/v2\/pages\/29109","targetHints":{"allow":["GET"]}}],"collection":[{"href":"https:\/\/maison.oceano.org\/en\/wp-json\/wp\/v2\/pages"}],"about":[{"href":"https:\/\/maison.oceano.org\/en\/wp-json\/wp\/v2\/types\/page"}],"author":[{"embeddable":true,"href":"https:\/\/maison.oceano.org\/en\/wp-json\/wp\/v2\/users\/1"}],"replies":[{"embeddable":true,"href":"https:\/\/maison.oceano.org\/en\/wp-json\/wp\/v2\/comments?post=29109"}],"version-history":[{"count":3,"href":"https:\/\/maison.oceano.org\/en\/wp-json\/wp\/v2\/pages\/29109\/revisions"}],"predecessor-version":[{"id":29122,"href":"https:\/\/maison.oceano.org\/en\/wp-json\/wp\/v2\/pages\/29109\/revisions\/29122"}],"wp:attachment":[{"href":"https:\/\/maison.oceano.org\/en\/wp-json\/wp\/v2\/media?parent=29109"}],"curies":[{"name":"wp","href":"https:\/\/api.w.org\/{rel}","templated":true}]}}