{"id":29045,"date":"2021-07-15T11:07:45","date_gmt":"2021-07-15T09:07:45","guid":{"rendered":"https:\/\/maison.oceano.org\/contact\/"},"modified":"2021-07-15T11:07:54","modified_gmt":"2021-07-15T09:07:54","slug":"contact","status":"publish","type":"page","link":"https:\/\/maison.oceano.org\/en\/contact\/","title":{"rendered":"Contact"},"content":{"rendered":"\t\t<div data-elementor-type=\"wp-post\" data-elementor-id=\"29045\" class=\"elementor elementor-29045 elementor-329\" data-elementor-post-type=\"page\">\n\t\t\t\t\t\t<section class=\"elementor-section elementor-top-section elementor-element elementor-element-20728416 elementor-section-full_width elementor-section-height-default elementor-section-height-default\" data-id=\"20728416\" data-element_type=\"section\" data-e-type=\"section\">\n\t\t\t\t\t\t<div class=\"elementor-container elementor-column-gap-no\">\n\t\t\t\t\t<div class=\"elementor-column elementor-col-100 elementor-top-column elementor-element elementor-element-67ebc162\" data-id=\"67ebc162\" data-element_type=\"column\" data-e-type=\"column\">\n\t\t\t<div class=\"elementor-widget-wrap elementor-element-populated\">\n\t\t\t\t\t\t<div class=\"elementor-element elementor-element-25b663bb elementor--h-position-center elementor--v-position-middle elementor-widget elementor-widget-slides\" data-id=\"25b663bb\" data-element_type=\"widget\" data-e-type=\"widget\" data-settings=\"{&quot;navigation&quot;:&quot;none&quot;,&quot;transition&quot;:&quot;slide&quot;,&quot;transition_speed&quot;:500}\" data-widget_type=\"slides.default\">\n\t\t\t\t<div class=\"elementor-widget-container\">\n\t\t\t\t\t\t\t\t\t<div class=\"elementor-swiper\">\n\t\t\t\t\t<div class=\"elementor-slides-wrapper elementor-main-swiper swiper\" role=\"region\" aria-roledescription=\"carousel\" aria-label=\"Slides\" dir=\"ltr\" data-animation=\"fadeInUp\">\n\t\t\t\t<div class=\"swiper-wrapper elementor-slides\">\n\t\t\t\t\t\t\t\t\t\t<div class=\"elementor-repeater-item-891be05 swiper-slide\" role=\"group\" aria-roledescription=\"slide\"><div class=\"swiper-slide-bg\" role=\"img\" aria-label=\"contact-us-2993000\"><\/div><div class=\"elementor-background-overlay\"><\/div><div class=\"swiper-slide-inner\" ><div class=\"swiper-slide-contents\"><h1 class=\"elementor-slide-heading\">Contact us<\/h1><\/div><\/div><\/div>\t\t\t\t<\/div>\n\t\t\t\t\t\t\t<\/div>\n\t\t\t\t<\/div>\n\t\t\t\t\t\t\t\t<\/div>\n\t\t\t\t<\/div>\n\t\t\t\t\t<\/div>\n\t\t<\/div>\n\t\t\t\t\t<\/div>\n\t\t<\/section>\n\t\t\t\t<section class=\"elementor-section elementor-top-section elementor-element elementor-element-2558a4d2 elementor-section-full_width elementor-section-height-default elementor-section-height-default\" data-id=\"2558a4d2\" data-element_type=\"section\" data-e-type=\"section\" data-settings=\"{&quot;background_background&quot;:&quot;classic&quot;}\">\n\t\t\t\t\t\t<div class=\"elementor-container elementor-column-gap-default\">\n\t\t\t\t\t<div class=\"elementor-column elementor-col-100 elementor-top-column elementor-element elementor-element-5621fa53\" data-id=\"5621fa53\" data-element_type=\"column\" data-e-type=\"column\">\n\t\t\t<div class=\"elementor-widget-wrap elementor-element-populated\">\n\t\t\t\t\t\t<div class=\"elementor-element elementor-element-558642d4 elementor-widget elementor-widget-ee-breadcrumbs\" data-id=\"558642d4\" data-element_type=\"widget\" data-e-type=\"widget\" data-widget_type=\"ee-breadcrumbs.default\">\n\t\t\t\t<div class=\"elementor-widget-container\">\n\t\t\t\t\t<ul class=\"ee-breadcrumbs\" itemscope=\"\" itemtype=\"http:\/\/schema.org\/BreadcrumbList\"><\/ul>\t\t\t\t<\/div>\n\t\t\t\t<\/div>\n\t\t\t\t\t<\/div>\n\t\t<\/div>\n\t\t\t\t\t<\/div>\n\t\t<\/section>\n\t\t\t\t<section class=\"elementor-section elementor-top-section elementor-element elementor-element-4426acc elementor-section-boxed elementor-section-height-default elementor-section-height-default\" data-id=\"4426acc\" data-element_type=\"section\" data-e-type=\"section\" data-settings=\"{&quot;background_background&quot;:&quot;classic&quot;}\">\n\t\t\t\t\t\t<div class=\"elementor-container elementor-column-gap-default\">\n\t\t\t\t\t<div class=\"elementor-column elementor-col-100 elementor-top-column elementor-element elementor-element-dc2b1f4\" data-id=\"dc2b1f4\" data-element_type=\"column\" data-e-type=\"column\">\n\t\t\t<div class=\"elementor-widget-wrap elementor-element-populated\">\n\t\t\t\t\t\t<div class=\"elementor-element elementor-element-4b055ba elementor-widget elementor-widget-heading\" data-id=\"4b055ba\" data-element_type=\"widget\" data-e-type=\"widget\" data-widget_type=\"heading.default\">\n\t\t\t\t<div class=\"elementor-widget-container\">\n\t\t\t\t\t<h2 class=\"elementor-heading-title elementor-size-default\">Any questions? Contact us<\/h2>\t\t\t\t<\/div>\n\t\t\t\t<\/div>\n\t\t\t\t\t<\/div>\n\t\t<\/div>\n\t\t\t\t\t<\/div>\n\t\t<\/section>\n\t\t\t\t<section class=\"elementor-section elementor-top-section elementor-element elementor-element-b0d6560 elementor-section-boxed elementor-section-height-default elementor-section-height-default\" data-id=\"b0d6560\" data-element_type=\"section\" data-e-type=\"section\" data-settings=\"{&quot;background_background&quot;:&quot;classic&quot;}\">\n\t\t\t\t\t\t<div class=\"elementor-container elementor-column-gap-default\">\n\t\t\t\t\t<div class=\"elementor-column elementor-col-100 elementor-top-column elementor-element elementor-element-924a74f\" data-id=\"924a74f\" data-element_type=\"column\" data-e-type=\"column\" data-settings=\"{&quot;background_background&quot;:&quot;classic&quot;}\">\n\t\t\t<div class=\"elementor-widget-wrap elementor-element-populated\">\n\t\t\t\t\t\t<div class=\"elementor-element elementor-element-678721a elementor-widget elementor-widget-shortcode\" data-id=\"678721a\" data-element_type=\"widget\" data-e-type=\"widget\" data-widget_type=\"shortcode.default\">\n\t\t\t\t<div class=\"elementor-widget-container\">\n\t\t\t\t\t\t\t<div class=\"elementor-shortcode\">Please select a valid form<\/div>\n\t\t\t\t\t\t<\/div>\n\t\t\t\t<\/div>\n\t\t\t\t\t<\/div>\n\t\t<\/div>\n\t\t\t\t\t<\/div>\n\t\t<\/section>\n\t\t\t\t<section class=\"elementor-section elementor-top-section elementor-element elementor-element-fc54cea elementor-section-boxed elementor-section-height-default elementor-section-height-default\" data-id=\"fc54cea\" data-element_type=\"section\" data-e-type=\"section\" data-settings=\"{&quot;background_background&quot;:&quot;classic&quot;}\">\n\t\t\t\t\t\t<div class=\"elementor-container elementor-column-gap-default\">\n\t\t\t\t\t<div class=\"elementor-column elementor-col-100 elementor-top-column elementor-element elementor-element-033ca99\" data-id=\"033ca99\" data-element_type=\"column\" data-e-type=\"column\">\n\t\t\t<div class=\"elementor-widget-wrap elementor-element-populated\">\n\t\t\t\t\t\t<div class=\"elementor-element elementor-element-d9e21be elementor-widget elementor-widget-text-editor\" data-id=\"d9e21be\" data-element_type=\"widget\" data-e-type=\"widget\" data-widget_type=\"text-editor.default\">\n\t\t\t\t<div class=\"elementor-widget-container\">\n\t\t\t\t\t\t\t\t\t<p>Fields marked with * are mandatory.<br \/>The information entered will not be used for commercial purposes.<\/p>\n\t\t\t\t\t\t\t\t<\/div>\n\t\t\t\t<\/div>\n\t\t\t\t\t<\/div>\n\t\t<\/div>\n\t\t\t\t\t<\/div>\n\t\t<\/section>\n\t\t\t\t<\/div>\n\t\t","protected":false},"excerpt":{"rendered":"<p>Contact us Any questions? Contact us Fields marked with * are mandatory.The information entered will not be used for commercial purposes.<\/p>\n","protected":false},"author":1,"featured_media":0,"parent":0,"menu_order":0,"comment_status":"closed","ping_status":"closed","template":"","meta":{"_acf_changed":false,"footnotes":""},"class_list":["post-29045","page","type-page","status-publish","hentry"],"acf":[],"yoast_head":"<!-- This site is optimized with the Yoast SEO plugin v27.2 - https:\/\/yoast.com\/product\/yoast-seo-wordpress\/ -->\n<title>Contact us for more information! Maison de l&#039;Oc\u00e9an<\/title>\n<meta name=\"description\" content=\"Do not hesitate to contact us regarding the history of our place and our reception areas, our actions and the partners we host.\" \/>\n<meta name=\"robots\" content=\"index, follow, max-snippet:-1, max-image-preview:large, max-video-preview:-1\" \/>\n<link rel=\"canonical\" href=\"https:\/\/maison.oceano.org\/en\/contact\/\" \/>\n<meta property=\"og:locale\" content=\"en_US\" \/>\n<meta property=\"og:type\" content=\"article\" \/>\n<meta property=\"og:title\" content=\"Contact us for more information! Maison de l&#039;Oc\u00e9an\" \/>\n<meta property=\"og:description\" content=\"Do not hesitate to contact us regarding the history of our place and our reception areas, our actions and the partners we host.\" \/>\n<meta property=\"og:url\" content=\"https:\/\/maison.oceano.org\/en\/contact\/\" \/>\n<meta property=\"og:site_name\" content=\"Maison de l&#039;Oc\u00e9an\" \/>\n<meta property=\"article:modified_time\" content=\"2021-07-15T09:07:54+00:00\" \/>\n<meta name=\"twitter:card\" content=\"summary_large_image\" \/>\n<script type=\"application\/ld+json\" class=\"yoast-schema-graph\">{\"@context\":\"https:\/\/schema.org\",\"@graph\":[{\"@type\":\"WebPage\",\"@id\":\"https:\/\/maison.oceano.org\/en\/contact\/\",\"url\":\"https:\/\/maison.oceano.org\/en\/contact\/\",\"name\":\"Contact us for more information! Maison de l&#039;Oc\u00e9an\",\"isPartOf\":{\"@id\":\"https:\/\/maison.oceano.org\/#website\"},\"datePublished\":\"2021-07-15T09:07:45+00:00\",\"dateModified\":\"2021-07-15T09:07:54+00:00\",\"description\":\"Do not hesitate to contact us regarding the history of our place and our reception areas, our actions and the partners we host.\",\"breadcrumb\":{\"@id\":\"https:\/\/maison.oceano.org\/en\/contact\/#breadcrumb\"},\"inLanguage\":\"en-US\",\"potentialAction\":[{\"@type\":\"ReadAction\",\"target\":[\"https:\/\/maison.oceano.org\/en\/contact\/\"]}]},{\"@type\":\"BreadcrumbList\",\"@id\":\"https:\/\/maison.oceano.org\/en\/contact\/#breadcrumb\",\"itemListElement\":[{\"@type\":\"ListItem\",\"position\":1,\"name\":\"Home\",\"item\":\"https:\/\/maison.oceano.org\/en\/\"},{\"@type\":\"ListItem\",\"position\":2,\"name\":\"Contact\"}]},{\"@type\":\"WebSite\",\"@id\":\"https:\/\/maison.oceano.org\/#website\",\"url\":\"https:\/\/maison.oceano.org\/\",\"name\":\"Maison de l&#039;Oc\u00e9an\",\"description\":\"Le Hub de l&#039;oc\u00e9an \u00e0 Paris\",\"potentialAction\":[{\"@type\":\"SearchAction\",\"target\":{\"@type\":\"EntryPoint\",\"urlTemplate\":\"https:\/\/maison.oceano.org\/?s={search_term_string}\"},\"query-input\":{\"@type\":\"PropertyValueSpecification\",\"valueRequired\":true,\"valueName\":\"search_term_string\"}}],\"inLanguage\":\"en-US\"}]}<\/script>\n<!-- \/ Yoast SEO plugin. -->","yoast_head_json":{"title":"Contact us for more information! Maison de l&#039;Oc\u00e9an","description":"Do not hesitate to contact us regarding the history of our place and our reception areas, our actions and the partners we host.","robots":{"index":"index","follow":"follow","max-snippet":"max-snippet:-1","max-image-preview":"max-image-preview:large","max-video-preview":"max-video-preview:-1"},"canonical":"https:\/\/maison.oceano.org\/en\/contact\/","og_locale":"en_US","og_type":"article","og_title":"Contact us for more information! Maison de l&#039;Oc\u00e9an","og_description":"Do not hesitate to contact us regarding the history of our place and our reception areas, our actions and the partners we host.","og_url":"https:\/\/maison.oceano.org\/en\/contact\/","og_site_name":"Maison de l&#039;Oc\u00e9an","article_modified_time":"2021-07-15T09:07:54+00:00","twitter_card":"summary_large_image","schema":{"@context":"https:\/\/schema.org","@graph":[{"@type":"WebPage","@id":"https:\/\/maison.oceano.org\/en\/contact\/","url":"https:\/\/maison.oceano.org\/en\/contact\/","name":"Contact us for more information! Maison de l&#039;Oc\u00e9an","isPartOf":{"@id":"https:\/\/maison.oceano.org\/#website"},"datePublished":"2021-07-15T09:07:45+00:00","dateModified":"2021-07-15T09:07:54+00:00","description":"Do not hesitate to contact us regarding the history of our place and our reception areas, our actions and the partners we host.","breadcrumb":{"@id":"https:\/\/maison.oceano.org\/en\/contact\/#breadcrumb"},"inLanguage":"en-US","potentialAction":[{"@type":"ReadAction","target":["https:\/\/maison.oceano.org\/en\/contact\/"]}]},{"@type":"BreadcrumbList","@id":"https:\/\/maison.oceano.org\/en\/contact\/#breadcrumb","itemListElement":[{"@type":"ListItem","position":1,"name":"Home","item":"https:\/\/maison.oceano.org\/en\/"},{"@type":"ListItem","position":2,"name":"Contact"}]},{"@type":"WebSite","@id":"https:\/\/maison.oceano.org\/#website","url":"https:\/\/maison.oceano.org\/","name":"Maison de l&#039;Oc\u00e9an","description":"Le Hub de l&#039;oc\u00e9an \u00e0 Paris","potentialAction":[{"@type":"SearchAction","target":{"@type":"EntryPoint","urlTemplate":"https:\/\/maison.oceano.org\/?s={search_term_string}"},"query-input":{"@type":"PropertyValueSpecification","valueRequired":true,"valueName":"search_term_string"}}],"inLanguage":"en-US"}]}},"_links":{"self":[{"href":"https:\/\/maison.oceano.org\/en\/wp-json\/wp\/v2\/pages\/29045","targetHints":{"allow":["GET"]}}],"collection":[{"href":"https:\/\/maison.oceano.org\/en\/wp-json\/wp\/v2\/pages"}],"about":[{"href":"https:\/\/maison.oceano.org\/en\/wp-json\/wp\/v2\/types\/page"}],"author":[{"embeddable":true,"href":"https:\/\/maison.oceano.org\/en\/wp-json\/wp\/v2\/users\/1"}],"replies":[{"embeddable":true,"href":"https:\/\/maison.oceano.org\/en\/wp-json\/wp\/v2\/comments?post=29045"}],"version-history":[{"count":3,"href":"https:\/\/maison.oceano.org\/en\/wp-json\/wp\/v2\/pages\/29045\/revisions"}],"predecessor-version":[{"id":29058,"href":"https:\/\/maison.oceano.org\/en\/wp-json\/wp\/v2\/pages\/29045\/revisions\/29058"}],"wp:attachment":[{"href":"https:\/\/maison.oceano.org\/en\/wp-json\/wp\/v2\/media?parent=29045"}],"curies":[{"name":"wp","href":"https:\/\/api.w.org\/{rel}","templated":true}]}}